{"id":1214,"date":"2024-03-30T15:44:59","date_gmt":"2024-03-30T15:44:59","guid":{"rendered":"https:\/\/separis.ch\/home\/?page_id=1214"},"modified":"2024-04-01T12:34:45","modified_gmt":"2024-04-01T12:34:45","slug":"985-2-2","status":"publish","type":"page","link":"https:\/\/separis.ch\/home\/index.php\/985-2-2\/","title":{"rendered":"AGB DL"},"content":{"rendered":"<p>[et_pb_section fb_built=&#187;1&#8243; _builder_version=&#187;4.24.2&#8243; _module_preset=&#187;default&#187; da_disable_devices=&#187;off|off|off&#187; global_colors_info=&#187;{}&#187; da_is_popup=&#187;off&#187; da_exit_intent=&#187;off&#187; da_has_close=&#187;on&#187; da_alt_close=&#187;off&#187; da_dark_close=&#187;off&#187; da_not_modal=&#187;on&#187; da_is_singular=&#187;off&#187; da_with_loader=&#187;off&#187; da_has_shadow=&#187;on&#187;][et_pb_row _builder_version=&#187;4.20.4&#8243; _module_preset=&#187;default&#187; global_colors_info=&#187;{}&#187;][et_pb_column type=&#187;4_4&#8243; _builder_version=&#187;4.20.4&#8243; _module_preset=&#187;default&#187; global_colors_info=&#187;{}&#187;][et_pb_blurb _builder_version=&#187;4.24.2&#8243; _module_preset=&#187;default&#187; global_colors_info=&#187;{}&#187;]<\/p>\n<header class=\"entry-header \">\n<div class=\"entry-header-inner\">\n<div class=\"col-12\">\n<h2><span style=\"font-size: 26px;\">Allgemeine Gesch\u00e4ftsbedingungen (AGB)<\/span><\/h2>\n<\/div>\n<div class=\"col-md-12\">\n<p>&nbsp;<\/p>\n<h2>Geltung<\/h2>\n<p>Die Allgemeinen Gesch\u00e4ftsbedingungen (nachfolgend AGB genannt) gelten f\u00fcr s\u00e4mtliche Rechtsbeziehungen, die \u00fcber separis.ch, abgeschlossen werden.<\/p>\n<p>separis beh\u00e4lt sich das Recht vor, diese AGB jederzeit zu \u00e4ndern. Massgebend ist jeweils die zum Zeitpunkt des Vertragsabschlusses geltende Fassung dieser AGB. Kund:innen, resp. Klient:innen k\u00f6nnen diese nicht einseitig ab\u00e4ndern, d. h. entgegenstehende Bedingungen oder von diesen AGB abweichende Bedingungen\u00a0 werden nicht anerkannt.<\/p>\n<p>Die Angebote von separis.ch richten sich ausschliesslich an Kund:innen mit Wohnsitz in der Schweiz.<\/p>\n<p>Die Angebote f\u00fcr Trennung, Scheidung sowie Kindesunterhalt gelten f\u00fcr F\u00e4lle bei denen gegenseitiges Einvernehmen vorliegt!<\/p>\n<p>Die Angebote gelten, solange sie im Internet auf separis.ch gefunden werden.<\/p>\n<h2><\/h2>\n<h2>Preise und Zahlungsm\u00f6glichkeiten<\/h2>\n<p>Die publizierten Preise stellen Endpreise, d. h. inklusive Mehrwertsteuer dar. Es stehen die in separis angebotenen Zahlungsm\u00f6glichkeiten zur Verf\u00fcgung.<\/p>\n<p>&nbsp;<\/p>\n<p><span style=\"color: #333333; font-size: 26px;\">Vertragsabschluss<\/span><\/p>\n<p>Die Dienstleistungen und Preise auf separis.ch gelten als Angebot.<\/p>\n<p>Der Vertrag f\u00fcr die Dienstleistungen von separis.ch kommt zustande, sobald der Kauf im Onlineshop get\u00e4tigt wird.<\/p>\n<p>&nbsp;<\/p>\n<p><span style=\"color: #333333; font-size: 26px;\">Haftung und Haftungsausschluss<\/span><\/p>\n<p>F\u00fcr die auf separis.ch angebotenen Berechnungen gilt folgendes:<\/p>\n<ul>\n<li>Die Steuerberechnungen erfolgen ann\u00e4herungsweise. Die Steuertarife und <br \/>-abz\u00fcge geben den aktuellen Stand gem\u00e4ss den einschl\u00e4gigen Steuererlassen wieder. Steuerberechnungen, insbesondere diejenigen f\u00fcr die zuk\u00fcnftigen Jahre, stellen eine Prognose dar und m\u00fcssen nicht mit den k\u00fcnftigen Steuerbetr\u00e4gen \u00fcbereinstimmen da einerseits die Steuertarife und -abz\u00fcge als auch die Mittel und Bedarfe sich ver\u00e4ndern k\u00f6nnen und damit auch die Steuerbetr\u00e4ge.<\/li>\n<li>Die Berechnungen f\u00fcr Unterhalt, G\u00fcterrecht sowie Vorsorgeausgleich beruhen auf der Rechtsprechung. Dabei bestehen erhebliche Interpretations- und Ermessensspielr\u00e4ume seitens Gericht. separis nimmt die Berechnungen nach bestem Wissen vor, kann aber nicht zusichern, dass eine gerichtliche Beurteilung zum gleichen Ergebnis f\u00fchrt. Bei h\u00f6chstrichterlich ungekl\u00e4rten Fragen wird eine ad\u00e4quate L\u00f6sung, nach bestem Wissen im Sinn des Gesetzes, vorgeschlagen.<\/li>\n<li>F\u00e4lle mit b\u00e4uerlichem Bodenrecht und Auslandbez\u00fcgen werden nicht unterst\u00fctzt.<\/li>\n<li>Altrechtliche G\u00fcterverbindungen und G\u00fctergemeinschaften sowie von den Grundtypen abweichende Ehevertr\u00e4ge werden nicht unterst\u00fctzt.<\/li>\n<li><span style=\"font-size: 14px;\">Ausl\u00e4ndische Altersvorsorge wird beim Vorsorgeausgleich begrenzt unterst\u00fctzt.<\/span><\/li>\n<\/ul>\n<p>Die Haftung richtet sich nach den anwendbaren gesetzlichen Bestimmungen.<\/p>\n<p>separis haftet weder vertraglich noch ausservertraglich f\u00fcr<\/p>\n<p><span style=\"font-size: 14px;\">&#8211; leichte Fahrl\u00e4ssigkeit,<br \/>&#8211;\u00a0<\/span><span style=\"font-size: 14px;\">indirekte, mittelbare Sch\u00e4den oder Folgesch\u00e4den,<br \/>&#8211; entgangenen Gewinn oder <\/span><span style=\"font-size: 14px;\">nicht realisierte Einsparungen,<br \/><\/span><span style=\"font-size: 14px;\">&#8211; s\u00e4mtliche Handlungen und Unterlassungen der Fallbearbeitenden.<\/span><\/p>\n<p><span style=\"font-size: 14px;\">Werden in einer Scheidungskonvention Grundbuchgesch\u00e4fte vorgesehen, empfiehlt separis, vor Abschluss der Scheidungskonvention die relevanten Ausf\u00fchrungen vorg\u00e4ngig dem zust\u00e4ndigen Grundbuchamt zur Pr\u00fcfung und Best\u00e4tigung der Durchf\u00fchrbarkeit vorzulegen.<\/span><\/p>\n<p>Wird in einer Scheidungskonvention der Vorsorgeausgleich geregelt, empfiehlt separis, vor Abschluss der <span style=\"font-size: 14px;\">Scheidungskonvention <\/span>die Regelung der, resp. den Vorsorgeeinrichtungen zur Pr\u00fcfung und Best\u00e4tigung der Durchf\u00fchrbarkeit vorzulegen.<\/p>\n<p><span style=\"color: #333333; font-size: 26px;\"><\/span><\/p>\n<p><span style=\"color: #333333; font-size: 26px;\">Gew\u00e4hrleistung<\/span><\/p>\n<p>separis hat die zur Verf\u00fcgung gestellten Informationen nach bestem Wissen und Gewissen zusammengestellt. separis bietet jedoch keine Gew\u00e4hr auf Richtigkeit, Vollst\u00e4ndigkeit der angebotenen Informationen und Dienstleistungen oder st\u00e4ndige Verf\u00fcgbarkeit von separis.ch.<\/p>\n<p><span style=\"color: #333333; font-size: 26px;\"><\/span><\/p>\n<p><span style=\"color: #333333; font-size: 26px;\">Datenschutz und Beizug von Dritten<\/span><\/p>\n<p>separis beachtet die geltenden datenschutzrechtlichen Vorschriften.<\/p>\n<p>separis darf zur Erbringung der Dienstleistungen Dritte beiziehen. Diese Dritten werden sorgf\u00e4ltig ausgew\u00e4hlt und instruiert und von separis gem\u00e4ss den gesetzlichen Anforderungen \u00fcberwacht.<\/p>\n<h3><\/h3>\n<h3><span style=\"color: #333333; font-size: 26px;\">Geheimhaltung<\/span><\/h3>\n<p>separis verpflichtet sich zur Geheimhaltung der vertragsgegenst\u00e4ndlichen Personendaten und hat die mit der Auftragsbearbeitung betrauten Personen zur Wahrung der Vertraulichkeit zu verpflichten.<\/p>\n<p>separis ist bekannt und anerkennt, dass die Auftragsbearbeitung in einem durch das anwaltliche Berufsgeheimnis oder durch ein Amtsgeheimnis gesch\u00fctzten Bereich stattfindet.<\/p>\n<p>Diese Geheimhaltungsverpflichtungen gelten auch nach Beendigung dieser Vereinbarung f\u00fcr unbeschr\u00e4nkte Dauer weiter.<\/p>\n<p><span style=\"color: #333333; font-size: 22px;\"><\/span><\/p>\n<p><span style=\"color: #333333; font-size: 26px;\">Subakkordanten<\/span><\/p>\n<p>Subakkordanten sind nat\u00fcrliche oder juristische Personen, welche separis f\u00fcr die Auftragsbearbeitung beiziehen kann. separis ist berechtigt, Subakkordanten beizuziehen. separis ist in solchen F\u00e4llen verpflichtet, mit Subakkordanten im erforderlichen Umfang eine Vereinbarung \u00fcber die (Unter-)Auftragsbearbeitung zu treffen, die ihr die Einhaltung der Bestimmungen der vorliegenden Vereinbarung zwischen separis und der KleintLin erm\u00f6glicht. Dies beinhaltet auch die \u00dcberbindung der Geheimhaltungspflichten von saparis auf Subakkordanten.<\/p>\n<p><span style=\"color: #333333; font-size: 26px;\"><\/span><\/p>\n<p><span style=\"color: #333333; font-size: 26px;\">Gerichtsstand, anwendbares Recht<\/span><\/p>\n<p>S\u00e4mtliche Rechtsbeziehungen zwischen separis und Ihnen unterliegen ausschliesslich schweizerischem Recht.<\/p>\n<p>F\u00fcr Klagen von Klient:innen oder Kund:innen gilt ihr Wohnsitz oder 1630 Bulle als Gerichtsstand.<\/p>\n<p>Im \u00dcbrigen gelten die gesetzlichen Gerichtsst\u00e4nde.<\/p>\n<p>&nbsp;<\/p>\n<p>Stand: April 2024<\/p>\n<\/div>\n<\/div>\n<\/header>\n<div class=\"post-entry tc-content-inner\">\n<section class=\"post-content entry-content \">\n<div class=\"czr-wp-the-content\"><\/div>\n<\/section>\n<\/div>\n<p>[\/et_pb_blurb][\/et_pb_column][\/et_pb_row][\/et_pb_section]<\/p>\n","protected":false},"excerpt":{"rendered":"<p>Allgemeine Gesch\u00e4ftsbedingungen (AGB) &nbsp; Geltung Die Allgemeinen Gesch\u00e4ftsbedingungen (nachfolgend AGB genannt) gelten f\u00fcr s\u00e4mtliche Rechtsbeziehungen, die \u00fcber separis.ch, abgeschlossen werden. separis beh\u00e4lt sich das Recht vor, diese AGB jederzeit zu \u00e4ndern. Massgebend ist jeweils die zum Zeitpunkt des Vertragsabschlusses geltende Fassung dieser AGB. Kund:innen, resp. Klient:innen k\u00f6nnen diese nicht einseitig ab\u00e4ndern, d. h. entgegenstehende Bedingungen [&hellip;]<\/p>\n","protected":false},"author":1,"featured_media":0,"parent":0,"menu_order":0,"comment_status":"closed","ping_status":"closed","template":"","meta":{"_et_pb_use_builder":"on","_et_pb_old_content":"","_et_gb_content_width":"","footnotes":""},"class_list":["post-1214","page","type-page","status-publish","hentry"],"_links":{"self":[{"href":"https:\/\/separis.ch\/home\/index.php\/wp-json\/wp\/v2\/pages\/1214","targetHints":{"allow":["GET"]}}],"collection":[{"href":"https:\/\/separis.ch\/home\/index.php\/wp-json\/wp\/v2\/pages"}],"about":[{"href":"https:\/\/separis.ch\/home\/index.php\/wp-json\/wp\/v2\/types\/page"}],"author":[{"embeddable":true,"href":"https:\/\/separis.ch\/home\/index.php\/wp-json\/wp\/v2\/users\/1"}],"replies":[{"embeddable":true,"href":"https:\/\/separis.ch\/home\/index.php\/wp-json\/wp\/v2\/comments?post=1214"}],"version-history":[{"count":5,"href":"https:\/\/separis.ch\/home\/index.php\/wp-json\/wp\/v2\/pages\/1214\/revisions"}],"predecessor-version":[{"id":1237,"href":"https:\/\/separis.ch\/home\/index.php\/wp-json\/wp\/v2\/pages\/1214\/revisions\/1237"}],"wp:attachment":[{"href":"https:\/\/separis.ch\/home\/index.php\/wp-json\/wp\/v2\/media?parent=1214"}],"curies":[{"name":"wp","href":"https:\/\/api.w.org\/{rel}","templated":true}]}}