{"id":979,"date":"2023-04-11T15:33:22","date_gmt":"2023-04-11T15:33:22","guid":{"rendered":"https:\/\/separis.ch\/home\/?page_id=979"},"modified":"2026-02-10T21:45:45","modified_gmt":"2026-02-10T21:45:45","slug":"979-2","status":"publish","type":"page","link":"https:\/\/separis.ch\/home\/index.php\/979-2\/","title":{"rendered":"Impressum"},"content":{"rendered":"<p>[et_pb_section fb_built=&#187;1&#8243; _builder_version=&#187;4.20.4&#8243; _module_preset=&#187;default&#187; global_colors_info=&#187;{}&#187; da_is_popup=&#187;off&#187; da_exit_intent=&#187;off&#187; da_has_close=&#187;on&#187; da_alt_close=&#187;off&#187; da_dark_close=&#187;off&#187; da_not_modal=&#187;on&#187; da_is_singular=&#187;off&#187; da_with_loader=&#187;off&#187; da_has_shadow=&#187;on&#187; da_disable_devices=&#187;off|off|off&#187;][et_pb_row _builder_version=&#187;4.20.4&#8243; _module_preset=&#187;default&#187; global_colors_info=&#187;{}&#187;][et_pb_column type=&#187;4_4&#8243; _builder_version=&#187;4.20.4&#8243; _module_preset=&#187;default&#187; global_colors_info=&#187;{}&#187;][et_pb_blurb title=&#187;Impressum&#187; _builder_version=&#187;4.20.4&#8243; _module_preset=&#187;default&#187; global_colors_info=&#187;{}&#187;]<\/p>\n<header class=\"entry-header \">\n<div class=\"entry-header-inner\">\n<h5 class=\"entry-title\"><span style=\"font-size: 16px;\">Kontakt<\/span><\/h5>\n<p class=\"font-claude-response-body break-words whitespace-pre-wrap leading-[1.7]\">E. Marro, diplomierter Trennungsberater GeCoBi<br \/>Alt Rufenenweg 20<br \/>1716 Plaffeien<br \/>Mobile: +41 75 412 58 08<br \/><span style=\"font-size: 14px;\"><\/span><span>E-Mail: <a href=\"mailto:info@separis.ch\">info@separis.ch<\/a><\/span><\/p>\n<p class=\"font-claude-response-body break-words whitespace-pre-wrap leading-[1.7]\"><span><\/span><\/p>\n<\/div>\n<\/header>\n<div class=\"post-entry tc-content-inner\">\n<section class=\"post-content entry-content \">\n<div class=\"czr-wp-the-content\">\n<h5><span>Gestaltung &amp; Entwicklung<\/span><\/h5>\n<p><span>separis.ch<\/span><\/p>\n<h5><span>Haftungsausschluss<\/span><\/h5>\n<p><span>Der Autor \u00fcbernimmt keinerlei Gew\u00e4hr hinsichtlich der inhaltlichen Richtigkeit, Genauigkeit, Aktualit\u00e4t, Zuverl\u00e4ssigkeit und Vollst\u00e4ndigkeit der Informationen.<\/span><br \/><span>Haftungsanspr\u00fcche gegen den Autor wegen Sch\u00e4den materieller oder immaterieller Art, welche aus dem Zugriff oder der Nutzung bzw. Nichtnutzung der ver\u00f6ffentlichten Informationen, durch Missbrauch der Verbindung oder durch technische St\u00f6rungen entstanden sind, werden ausgeschlossen.<\/span><br \/><span>Alle Angebote sind unverbindlich. Der Autor beh\u00e4lt es sich ausdr\u00fccklich vor, Teile der Seiten oder das gesamte Angebot ohne gesonderte Ank\u00fcndigung zu ver\u00e4ndern, zu erg\u00e4nzen, zu l\u00f6schen oder die Ver\u00f6ffentlichung zeitweise oder endg\u00fcltig einzustellen.<\/span><br \/><span>Verweise und Links auf Webseiten Dritter liegen ausserhalb unseres Verantwortungsbereichs. Es wird jegliche Verantwortung f\u00fcr solche Webseiten abgelehnt. Der Zugriff und die Nutzung solcher Webseiten erfolgen auf eigene Gefahr.<\/span><\/p>\n<h5><span>Urheberrechte<\/span><\/h5>\n<p><span>Die Urheber- und alle anderen Rechte an Inhalten, Bildern, Fotos oder anderen Dateien auf der Website geh\u00f6ren ausschliesslich separis.ch oder den genannten Rechtsinhabern. F\u00fcr die Reproduktion jeglicher Elemente ist die schriftliche Zustimmung der Urheberrechtstr\u00e4ger im Voraus einzuholen.<\/span><\/p>\n<\/div>\n<\/section>\n<\/div>\n<p>[\/et_pb_blurb][et_pb_contact_form use_spam_service=&#187;on&#187; recaptcha_list=&#187;separisREcaptcha-0&#8243; email=&#187;info@separis.ch&#187; title=&#187;NACHRICHT&#187; custom_message=&#187;Name: %%Name%%||et_pb_line_break_holder||Mail: %%Email%%||et_pb_line_break_holder||Tel: %%TelNr%%||et_pb_line_break_holder||Nachricht: %%Message%%&#187; success_message=&#187;Mail wurde erfolgreich versandt.&#187; submit_button_text=&#187;Senden&#187; module_id=&#187;et_pb_contact_form_0&#8243; _builder_version=&#187;4.24.2&#8243; form_field_background_color=&#187;rgba(0,0,0,0)&#187; title_level=&#187;h2&#8243; title_font=&#187;elemental-end||||||||&#187; title_text_color=&#187;#8b68ee&#187; title_font_size=&#187;30px&#187; title_line_height=&#187;1.4em&#187; form_field_font=&#187;||||||||&#187; form_field_font_size=&#187;16px&#187; custom_button=&#187;on&#187; button_text_size=&#187;14px&#187; button_text_color=&#187;rgba(0,0,0,0.8)&#187; button_bg_color=&#187;#ffba60&#8243; button_border_width=&#187;12px&#187; button_border_color=&#187;#ffba60&#8243; button_border_radius=&#187;0px&#187; button_letter_spacing=&#187;4px&#187; button_font=&#187;|700||on|||||&#187; button_icon=&#187;&#x24;||divi||400&#8243; width=&#187;90.6%&#187; custom_margin=&#187;|||&#187; custom_padding=&#187;|31px||90px||&#187; animation_style=&#187;slide&#187; animation_direction=&#187;right&#187; animation_intensity_slide=&#187;5%&#187; animation_starting_opacity=&#187;100%&#187; border_width_all=&#187;1px&#187; border_color_all=&#187;rgba(0,0,0,0.12)&#187; border_style_all=&#187;solid&#187; form_background_color=&#187;rgba(0,0,0,0)&#187; locked=&#187;off&#187; global_colors_info=&#187;{}&#187;][et_pb_contact_field field_id=&#187;Name&#187; field_title=&#187;Name&#187; min_length=&#187;5&#8243; max_length=&#187;50&#8243; allowed_symbols=&#187;alphanumeric&#187; required_mark=&#187;off&#187; _builder_version=&#187;4.24.2&#8243; global_colors_info=&#187;{}&#187; button_text_size__hover_enabled=&#187;off&#187; button_one_text_size__hover_enabled=&#187;off&#187; button_two_text_size__hover_enabled=&#187;off&#187; button_text_color__hover_enabled=&#187;off&#187; button_one_text_color__hover_enabled=&#187;off&#187; button_two_text_color__hover_enabled=&#187;off&#187; button_border_width__hover_enabled=&#187;off&#187; button_one_border_width__hover_enabled=&#187;off&#187; button_two_border_width__hover_enabled=&#187;off&#187; button_border_color__hover_enabled=&#187;off&#187; button_one_border_color__hover_enabled=&#187;off&#187; button_two_border_color__hover_enabled=&#187;off&#187; button_border_radius__hover_enabled=&#187;off&#187; button_one_border_radius__hover_enabled=&#187;off&#187; button_two_border_radius__hover_enabled=&#187;off&#187; button_letter_spacing__hover_enabled=&#187;off&#187; button_one_letter_spacing__hover_enabled=&#187;off&#187; button_two_letter_spacing__hover_enabled=&#187;off&#187; button_bg_color__hover_enabled=&#187;off&#187; button_one_bg_color__hover_enabled=&#187;off&#187; button_two_bg_color__hover_enabled=&#187;off&#187;][\/et_pb_contact_field][et_pb_contact_field field_id=&#187;Email&#187; field_title=&#187;E-Mail&#187; field_type=&#187;email&#187; _builder_version=&#187;4.24.2&#8243; global_colors_info=&#187;{}&#187; button_text_size__hover_enabled=&#187;off&#187; button_one_text_size__hover_enabled=&#187;off&#187; button_two_text_size__hover_enabled=&#187;off&#187; button_text_color__hover_enabled=&#187;off&#187; button_one_text_color__hover_enabled=&#187;off&#187; button_two_text_color__hover_enabled=&#187;off&#187; button_border_width__hover_enabled=&#187;off&#187; button_one_border_width__hover_enabled=&#187;off&#187; button_two_border_width__hover_enabled=&#187;off&#187; button_border_color__hover_enabled=&#187;off&#187; button_one_border_color__hover_enabled=&#187;off&#187; button_two_border_color__hover_enabled=&#187;off&#187; button_border_radius__hover_enabled=&#187;off&#187; button_one_border_radius__hover_enabled=&#187;off&#187; button_two_border_radius__hover_enabled=&#187;off&#187; button_letter_spacing__hover_enabled=&#187;off&#187; button_one_letter_spacing__hover_enabled=&#187;off&#187; button_two_letter_spacing__hover_enabled=&#187;off&#187; button_bg_color__hover_enabled=&#187;off&#187; button_one_bg_color__hover_enabled=&#187;off&#187; button_two_bg_color__hover_enabled=&#187;off&#187;][\/et_pb_contact_field][et_pb_contact_field field_id=&#187;TelNr&#187; field_title=&#187;Telefon&#187; allowed_symbols=&#187;numbers&#187; fullwidth_field=&#187;on&#187; _builder_version=&#187;4.24.2&#8243; _module_preset=&#187;default&#187; global_colors_info=&#187;{}&#187;][\/et_pb_contact_field][et_pb_contact_field field_id=&#187;Message&#187; field_title=&#187;Nachricht \/ Erreichbarkeit&#187; field_type=&#187;text&#187; fullwidth_field=&#187;on&#187; _builder_version=&#187;4.24.2&#8243; global_colors_info=&#187;{}&#187; button_text_size__hover_enabled=&#187;off&#187; button_one_text_size__hover_enabled=&#187;off&#187; button_two_text_size__hover_enabled=&#187;off&#187; button_text_color__hover_enabled=&#187;off&#187; button_one_text_color__hover_enabled=&#187;off&#187; button_two_text_color__hover_enabled=&#187;off&#187; button_border_width__hover_enabled=&#187;off&#187; button_one_border_width__hover_enabled=&#187;off&#187; button_two_border_width__hover_enabled=&#187;off&#187; button_border_color__hover_enabled=&#187;off&#187; button_one_border_color__hover_enabled=&#187;off&#187; button_two_border_color__hover_enabled=&#187;off&#187; button_border_radius__hover_enabled=&#187;off&#187; button_one_border_radius__hover_enabled=&#187;off&#187; button_two_border_radius__hover_enabled=&#187;off&#187; button_letter_spacing__hover_enabled=&#187;off&#187; button_one_letter_spacing__hover_enabled=&#187;off&#187; button_two_letter_spacing__hover_enabled=&#187;off&#187; button_bg_color__hover_enabled=&#187;off&#187; button_one_bg_color__hover_enabled=&#187;off&#187; button_two_bg_color__hover_enabled=&#187;off&#187;][\/et_pb_contact_field][\/et_pb_contact_form][\/et_pb_column][\/et_pb_row][\/et_pb_section]<\/p>\n","protected":false},"excerpt":{"rendered":"<p>Kontakt E. Marro, diplomierter Trennungsberater GeCoBiAlt Rufenenweg 201716 PlaffeienMobile: +41 75 412 58 08E-Mail: info@separis.ch Gestaltung &amp; Entwicklung separis.ch Haftungsausschluss Der Autor \u00fcbernimmt keinerlei Gew\u00e4hr hinsichtlich der inhaltlichen Richtigkeit, Genauigkeit, Aktualit\u00e4t, Zuverl\u00e4ssigkeit und Vollst\u00e4ndigkeit der Informationen.Haftungsanspr\u00fcche gegen den Autor wegen Sch\u00e4den materieller oder immaterieller Art, welche aus dem Zugriff oder der Nutzung bzw. Nichtnutzung der [&hellip;]<\/p>\n","protected":false},"author":1,"featured_media":0,"parent":0,"menu_order":0,"comment_status":"closed","ping_status":"closed","template":"","meta":{"_et_pb_use_builder":"on","_et_pb_old_content":"","_et_gb_content_width":"","footnotes":""},"class_list":["post-979","page","type-page","status-publish","hentry"],"_links":{"self":[{"href":"https:\/\/separis.ch\/home\/index.php\/wp-json\/wp\/v2\/pages\/979","targetHints":{"allow":["GET"]}}],"collection":[{"href":"https:\/\/separis.ch\/home\/index.php\/wp-json\/wp\/v2\/pages"}],"about":[{"href":"https:\/\/separis.ch\/home\/index.php\/wp-json\/wp\/v2\/types\/page"}],"author":[{"embeddable":true,"href":"https:\/\/separis.ch\/home\/index.php\/wp-json\/wp\/v2\/users\/1"}],"replies":[{"embeddable":true,"href":"https:\/\/separis.ch\/home\/index.php\/wp-json\/wp\/v2\/comments?post=979"}],"version-history":[{"count":6,"href":"https:\/\/separis.ch\/home\/index.php\/wp-json\/wp\/v2\/pages\/979\/revisions"}],"predecessor-version":[{"id":1447,"href":"https:\/\/separis.ch\/home\/index.php\/wp-json\/wp\/v2\/pages\/979\/revisions\/1447"}],"wp:attachment":[{"href":"https:\/\/separis.ch\/home\/index.php\/wp-json\/wp\/v2\/media?parent=979"}],"curies":[{"name":"wp","href":"https:\/\/api.w.org\/{rel}","templated":true}]}}